{"id":6,"date":"2014-01-28T22:07:53","date_gmt":"2014-01-28T20:07:53","guid":{"rendered":"http:\/\/www.traum-maschinen.de\/wordpress\/?page_id=6"},"modified":"2014-01-28T22:07:53","modified_gmt":"2014-01-28T20:07:53","slug":"aromatherapie","status":"publish","type":"page","link":"http:\/\/aromaevita.ch\/aromaevita\/?page_id=6","title":{"rendered":"Aromatherapie"},"content":{"rendered":"<p><img loading=\"lazy\" class=\"alignright size-full wp-image-96\" alt=\"Aroma_1_hoch\" src=\"http:\/\/aromaevita.ch\/aromaevita\/wp-content\/uploads\/2014\/01\/Aroma_1_hoch1.jpg\" srcset=\"http:\/\/aromaevita.ch\/aromaevita\/wp-content\/uploads\/2014\/01\/Aroma_1_hoch1.jpg 310w, http:\/\/aromaevita.ch\/aromaevita\/wp-content\/uploads\/2014\/01\/Aroma_1_hoch1-148x300.jpg 148w\" sizes=\"(max-width: 310px) 100vw, 310px\" \/><div class=\"left23 shortcode\"><h2>Was sind \u00e4therische \u00d6le?<\/h2><p>\u00c4therische \u00d6le finden sich in vielen Pflanzen und Ihr Aroma begegnet uns \u00fcberall: Der Duft einer Rose, der Geruch eines Kiefernwaldes oder der Geschmack aromatischer Fr\u00fcchte. Sie werden aus Wurzeln, Bl\u00fcten oder Fr\u00fcchten gewonnen.<\/p><\/div><br \/>\n<div class=\"left23 shortcode\"><h2>Was k\u00f6nnen Sie bewirken?<\/h2><p>Schon alte Hochkulturen wie Mesopotamier oder \u00c4gypter nutzten \u00e4therische \u00d6le f\u00fcr therapeutische und rituelle Zwecke. Heute kennen wir \u00e4therische \u00d6le, die das Wohlbefinden steigern, bei Stress beruhigend oder bei M\u00fcdigkeit anregend wirken, die bei Erk\u00e4ltungen f\u00fcr Linderung sorgen oder die Wundheilung verbessern k\u00f6nnen.<\/p><\/div><br \/>\n<div class=\"left23 shortcode\"><h2>Was ist Aromatherapie?<\/h2><p>Aromatherapie ist eine nat\u00fcrliche Behandlungsmethode, bei der die F\u00e4higkeiten bestimmter \u00d6le gezielt eingesetzt werden, um zum Beispiel die Grundstimmung zu heben, das Raumklima zu verbessern oder die Haut zu pflegen. Der Aromatherapeut legt zusammen mit dem Kunden das gew\u00fcnschte Therapieziel fest und w\u00e4hlt dann die optimalen \u00d6le und die richtige Anwendungsform aus. Hierbei ist ein umfassendes Fachwissen wichtig, da bestimmte \u00e4therische \u00d6le bei falscher Anwendung unerw\u00fcnschte Nebenwirkungen haben k\u00f6nnen.<\/p><\/div><\/p>\n","protected":false},"excerpt":{"rendered":"<p>\n\n<\/p>","protected":false},"author":1,"featured_media":0,"parent":0,"menu_order":0,"comment_status":"open","ping_status":"open","template":"page-fullwidth.php","meta":[],"_links":{"self":[{"href":"http:\/\/aromaevita.ch\/aromaevita\/index.php?rest_route=\/wp\/v2\/pages\/6"}],"collection":[{"href":"http:\/\/aromaevita.ch\/aromaevita\/index.php?rest_route=\/wp\/v2\/pages"}],"about":[{"href":"http:\/\/aromaevita.ch\/aromaevita\/index.php?rest_route=\/wp\/v2\/types\/page"}],"author":[{"embeddable":true,"href":"http:\/\/aromaevita.ch\/aromaevita\/index.php?rest_route=\/wp\/v2\/users\/1"}],"replies":[{"embeddable":true,"href":"http:\/\/aromaevita.ch\/aromaevita\/index.php?rest_route=%2Fwp%2Fv2%2Fcomments&post=6"}],"version-history":[{"count":0,"href":"http:\/\/aromaevita.ch\/aromaevita\/index.php?rest_route=\/wp\/v2\/pages\/6\/revisions"}],"wp:attachment":[{"href":"http:\/\/aromaevita.ch\/aromaevita\/index.php?rest_route=%2Fwp%2Fv2%2Fmedia&parent=6"}],"curies":[{"name":"wp","href":"https:\/\/api.w.org\/{rel}","templated":true}]}}