{"id":8,"date":"2014-01-28T22:09:31","date_gmt":"2014-01-28T20:09:31","guid":{"rendered":"http:\/\/www.traum-maschinen.de\/wordpress\/?page_id=8"},"modified":"2014-01-28T22:09:31","modified_gmt":"2014-01-28T20:09:31","slug":"ueber-mich","status":"publish","type":"page","link":"http:\/\/aromaevita.ch\/aromaevita\/?page_id=8","title":{"rendered":"\u00dcber mich"},"content":{"rendered":"<div class=\"left_full shortcode\"><h1>\u00dcber mich<\/h1><p>Aromatherapie hat mich schon immer interessiert und mich fr\u00fch Erfahrungen mit \u00e4therischen \u00d6lsen sammeln lassen. Jetzt, als ausgebildete Aromatherapeutin, bin ich um so mehr von der Welt der D\u00fcfte und der Essenzen fasziniert und begeistert.<\/p>\n<p style=\"text-align: center;\"><a href=\"http:\/\/aromaevita.ch\/aromaevita\/wp-content\/uploads\/2014\/01\/zitat_11.jpg\"><img loading=\"lazy\" class=\"aligncenter size-full wp-image-98\" alt=\"zitat_1\" src=\"http:\/\/aromaevita.ch\/aromaevita\/wp-content\/uploads\/2014\/01\/zitat_11.jpg\" srcset=\"http:\/\/aromaevita.ch\/aromaevita\/wp-content\/uploads\/2014\/01\/zitat_11.jpg 800w, http:\/\/aromaevita.ch\/aromaevita\/wp-content\/uploads\/2014\/01\/zitat_11-300x30.jpg 300w\" sizes=\"(max-width: 800px) 100vw, 800px\" \/><\/a><\/p>\n<p>Die richtige \u00d6lmischung kann uns in herausfordernden, stressigen Zeiten beruhigen, entspannen oder unsere Kreativit\u00e4t wiederbringen. Aromatherapie pfl egt unsere Haut mit pers\u00f6nlichen \u00d6lmischungen oder verw\u00f6hnt sie mit individuellen K\u00f6rpercremes. Essenzmischungen k\u00f6nnen uns wieder in Schwung bringen, wenn wir uns energielos f\u00fchlen und unkonzentriert sind. Andere Essenzen k\u00f6nnen mehr Leidenschaft in unser Privatleben<br \/>\nbringen.<\/p><\/div>\n<p><a href=\"http:\/\/aromaevita.ch\/aromaevita\/wp-content\/uploads\/2014\/01\/veronicaragusa1.jpg\"><img loading=\"lazy\" class=\"size-full wp-image-105 alignright\" alt=\"veronicaragusa\" src=\"http:\/\/aromaevita.ch\/aromaevita\/wp-content\/uploads\/2014\/01\/veronicaragusa1.jpg\" \/><\/a><div class=\"left23 shortcode\"><h2><\/h2><p>Es ist wichtig, \u201etiefer\u201c zu reflektieren und die eigene Befindlichkeit wirklich kennenzulernen, bevor man \u00e4therische \u00d6le verwendet.<\/p>\n<p>Hierbei bietet eine fachliche Beratung gro\u00dfe Vorteile. Sehr spannend ist die Welt der Aromatherapie mit P\u00e4dagogik zu verbinden. Als erfahrene, diplomierte Fachfrau f\u00fcr Betreuung und Berufsbildnerin sowie als Mutter verbinde ich die Aromatherapie mit Pflege, p\u00e4dagogischer Beratung und Begleitung in der Entwicklung.<\/p><\/div><\/p>\n","protected":false},"excerpt":{"rendered":"<p>\n\n<\/p>","protected":false},"author":1,"featured_media":0,"parent":0,"menu_order":0,"comment_status":"open","ping_status":"open","template":"page-fullwidth.php","meta":[],"_links":{"self":[{"href":"http:\/\/aromaevita.ch\/aromaevita\/index.php?rest_route=\/wp\/v2\/pages\/8"}],"collection":[{"href":"http:\/\/aromaevita.ch\/aromaevita\/index.php?rest_route=\/wp\/v2\/pages"}],"about":[{"href":"http:\/\/aromaevita.ch\/aromaevita\/index.php?rest_route=\/wp\/v2\/types\/page"}],"author":[{"embeddable":true,"href":"http:\/\/aromaevita.ch\/aromaevita\/index.php?rest_route=\/wp\/v2\/users\/1"}],"replies":[{"embeddable":true,"href":"http:\/\/aromaevita.ch\/aromaevita\/index.php?rest_route=%2Fwp%2Fv2%2Fcomments&post=8"}],"version-history":[{"count":0,"href":"http:\/\/aromaevita.ch\/aromaevita\/index.php?rest_route=\/wp\/v2\/pages\/8\/revisions"}],"wp:attachment":[{"href":"http:\/\/aromaevita.ch\/aromaevita\/index.php?rest_route=%2Fwp%2Fv2%2Fmedia&parent=8"}],"curies":[{"name":"wp","href":"https:\/\/api.w.org\/{rel}","templated":true}]}}